{"id":16342,"date":"2021-11-17T11:53:33","date_gmt":"2021-11-17T10:53:33","guid":{"rendered":"https:\/\/dev.camping-des-mures.fr\/se-depenser\/sous-le-signe-de-lamour\/"},"modified":"2026-04-09T12:09:01","modified_gmt":"2026-04-09T10:09:01","slug":"sous-le-signe-de-lamour","status":"publish","type":"page","link":"https:\/\/www.camping-des-mures.com\/it\/se-depenser\/sous-le-signe-de-lamour\/","title":{"rendered":"Sotto il segno dell&#8217;amore"},"content":{"rendered":"<h3>Una sosta per due !<\/h3>\n<p>Concedetevi una pausa per due e godetevi momenti speciali per celebrare il piacere di stare insieme. Numerose attivit\u00e0 per due sono possibili durante il vostro soggiorno: una giornata di ozio grazie al nostro accesso diretto alla spiaggia o una pi\u00f9 sportiva con le nostre attivit\u00e0 nautiche proposte dal campeggio e dai nostri partner. Anche l&#8217;entroterra del Var \u00e8 pieno di tesori da scoprire insieme per una vacanza riuscita !<\/p>\n","protected":false},"excerpt":{"rendered":"<p>Una sosta per due ! Concedetevi una pausa per due e godetevi momenti speciali per celebrare il piacere di stare insieme. Numerose attivit\u00e0 per due sono possibili durante il vostro soggiorno: una giornata di ozio grazie al nostro accesso diretto alla spiaggia o una pi\u00f9 sportiva con le nostre attivit\u00e0 nautiche proposte dal campeggio e &hellip; <\/p>\n<p class=\"link-more\"><a href=\"https:\/\/www.camping-des-mures.com\/it\/se-depenser\/sous-le-signe-de-lamour\/\" class=\"more-link\">Continue reading<span class=\"screen-reader-text\"> &#8220;Sotto il segno dell&#8217;amore&#8221;<\/span><\/a><\/p>\n","protected":false},"author":1,"featured_media":11092,"parent":15299,"menu_order":217,"comment_status":"closed","ping_status":"closed","template":"","meta":{"_monsterinsights_skip_tracking":false,"_monsterinsights_sitenote_active":false,"_monsterinsights_sitenote_note":"","_monsterinsights_sitenote_category":0},"acf":[],"yoast_head":"<!-- This site is optimized with the Yoast SEO plugin v17.7.1 - https:\/\/yoast.com\/wordpress\/plugins\/seo\/ -->\n<title>Sotto il segno dell&#039;amore - Camping des M\u00fbres<\/title>\n<meta name=\"robots\" content=\"index, follow, max-snippet:-1, max-image-preview:large, max-video-preview:-1\" \/>\n<link rel=\"canonical\" href=\"https:\/\/www.camping-des-mures.com\/it\/se-depenser\/sous-le-signe-de-lamour\/\" \/>\n<meta property=\"og:locale\" content=\"it_IT\" \/>\n<meta property=\"og:type\" content=\"article\" \/>\n<meta property=\"og:title\" content=\"Sotto il segno dell&#039;amore - Camping des M\u00fbres\" \/>\n<meta property=\"og:description\" content=\"Una sosta per due ! Concedetevi una pausa per due e godetevi momenti speciali per celebrare il piacere di stare insieme. Numerose attivit\u00e0 per due sono possibili durante il vostro soggiorno: una giornata di ozio grazie al nostro accesso diretto alla spiaggia o una pi\u00f9 sportiva con le nostre attivit\u00e0 nautiche proposte dal campeggio e &hellip; Continue reading &quot;Sotto il segno dell&#8217;amore&quot;\" \/>\n<meta property=\"og:url\" content=\"https:\/\/www.camping-des-mures.com\/it\/se-depenser\/sous-le-signe-de-lamour\/\" \/>\n<meta property=\"og:site_name\" content=\"Camping des M\u00fbres\" \/>\n<meta property=\"article:modified_time\" content=\"2026-04-09T10:09:01+00:00\" \/>\n<meta property=\"og:image\" content=\"https:\/\/www.camping-des-mures.com\/wp-content\/uploads\/2021\/07\/Camping-les-mures-152.jpg\" \/>\n\t<meta property=\"og:image:width\" content=\"6000\" \/>\n\t<meta property=\"og:image:height\" content=\"4000\" \/>\n<meta name=\"twitter:card\" content=\"summary_large_image\" \/>\n<script type=\"application\/ld+json\" class=\"yoast-schema-graph\">{\"@context\":\"https:\/\/schema.org\",\"@graph\":[{\"@type\":\"Organization\",\"@id\":\"https:\/\/www.camping-des-mures.com\/it\/#organization\",\"name\":\"Camping des M\\u00fbres\",\"url\":\"https:\/\/www.camping-des-mures.com\/it\/\",\"sameAs\":[],\"logo\":{\"@type\":\"ImageObject\",\"@id\":\"https:\/\/www.camping-des-mures.com\/it\/#logo\",\"inLanguage\":\"it-IT\",\"url\":\"https:\/\/www.camping-des-mures.com\/wp-content\/uploads\/2019\/10\/camping-des-mures-logoxs.png\",\"contentUrl\":\"https:\/\/www.camping-des-mures.com\/wp-content\/uploads\/2019\/10\/camping-des-mures-logoxs.png\",\"width\":114,\"height\":35,\"caption\":\"Camping des M\\u00fbres\"},\"image\":{\"@id\":\"https:\/\/www.camping-des-mures.com\/it\/#logo\"}},{\"@type\":\"WebSite\",\"@id\":\"https:\/\/www.camping-des-mures.com\/it\/#website\",\"url\":\"https:\/\/www.camping-des-mures.com\/it\/\",\"name\":\"Camping des M\\u00fbres\",\"description\":\"Saint-Tropez\",\"publisher\":{\"@id\":\"https:\/\/www.camping-des-mures.com\/it\/#organization\"},\"potentialAction\":[{\"@type\":\"SearchAction\",\"target\":{\"@type\":\"EntryPoint\",\"urlTemplate\":\"https:\/\/www.camping-des-mures.com\/it\/?s={search_term_string}\"},\"query-input\":\"required name=search_term_string\"}],\"inLanguage\":\"it-IT\"},{\"@type\":\"ImageObject\",\"@id\":\"https:\/\/www.camping-des-mures.com\/it\/se-depenser\/sous-le-signe-de-lamour\/#primaryimage\",\"inLanguage\":\"it-IT\",\"url\":\"https:\/\/www.camping-des-mures.com\/wp-content\/uploads\/2021\/07\/Camping-les-mures-152.jpg\",\"contentUrl\":\"https:\/\/www.camping-des-mures.com\/wp-content\/uploads\/2021\/07\/Camping-les-mures-152.jpg\",\"width\":6000,\"height\":4000},{\"@type\":\"WebPage\",\"@id\":\"https:\/\/www.camping-des-mures.com\/it\/se-depenser\/sous-le-signe-de-lamour\/#webpage\",\"url\":\"https:\/\/www.camping-des-mures.com\/it\/se-depenser\/sous-le-signe-de-lamour\/\",\"name\":\"Sotto il segno dell'amore - Camping des M\\u00fbres\",\"isPartOf\":{\"@id\":\"https:\/\/www.camping-des-mures.com\/it\/#website\"},\"primaryImageOfPage\":{\"@id\":\"https:\/\/www.camping-des-mures.com\/it\/se-depenser\/sous-le-signe-de-lamour\/#primaryimage\"},\"datePublished\":\"2021-11-17T10:53:33+00:00\",\"dateModified\":\"2026-04-09T10:09:01+00:00\",\"breadcrumb\":{\"@id\":\"https:\/\/www.camping-des-mures.com\/it\/se-depenser\/sous-le-signe-de-lamour\/#breadcrumb\"},\"inLanguage\":\"it-IT\",\"potentialAction\":[{\"@type\":\"ReadAction\",\"target\":[\"https:\/\/www.camping-des-mures.com\/it\/se-depenser\/sous-le-signe-de-lamour\/\"]}]},{\"@type\":\"BreadcrumbList\",\"@id\":\"https:\/\/www.camping-des-mures.com\/it\/se-depenser\/sous-le-signe-de-lamour\/#breadcrumb\",\"itemListElement\":[{\"@type\":\"ListItem\",\"position\":1,\"name\":\"Home page\",\"item\":\"https:\/\/www.camping-des-mures.com\/it\/\"},{\"@type\":\"ListItem\",\"position\":2,\"name\":\"Intrattenimento\",\"item\":\"https:\/\/www.camping-des-mures.com\/it\/se-depenser\/\"},{\"@type\":\"ListItem\",\"position\":3,\"name\":\"Sotto il segno dell&#8217;amore\"}]}]}<\/script>\n<!-- \/ Yoast SEO plugin. -->","yoast_head_json":{"title":"Sotto il segno dell'amore - Camping des M\u00fbres","robots":{"index":"index","follow":"follow","max-snippet":"max-snippet:-1","max-image-preview":"max-image-preview:large","max-video-preview":"max-video-preview:-1"},"canonical":"https:\/\/www.camping-des-mures.com\/it\/se-depenser\/sous-le-signe-de-lamour\/","og_locale":"it_IT","og_type":"article","og_title":"Sotto il segno dell'amore - Camping des M\u00fbres","og_description":"Una sosta per due ! Concedetevi una pausa per due e godetevi momenti speciali per celebrare il piacere di stare insieme. Numerose attivit\u00e0 per due sono possibili durante il vostro soggiorno: una giornata di ozio grazie al nostro accesso diretto alla spiaggia o una pi\u00f9 sportiva con le nostre attivit\u00e0 nautiche proposte dal campeggio e &hellip; Continue reading \"Sotto il segno dell&#8217;amore\"","og_url":"https:\/\/www.camping-des-mures.com\/it\/se-depenser\/sous-le-signe-de-lamour\/","og_site_name":"Camping des M\u00fbres","article_modified_time":"2026-04-09T10:09:01+00:00","og_image":[{"width":6000,"height":4000,"url":"https:\/\/www.camping-des-mures.com\/wp-content\/uploads\/2021\/07\/Camping-les-mures-152.jpg","type":"image\/jpeg"}],"twitter_card":"summary_large_image","schema":{"@context":"https:\/\/schema.org","@graph":[{"@type":"Organization","@id":"https:\/\/www.camping-des-mures.com\/it\/#organization","name":"Camping des M\u00fbres","url":"https:\/\/www.camping-des-mures.com\/it\/","sameAs":[],"logo":{"@type":"ImageObject","@id":"https:\/\/www.camping-des-mures.com\/it\/#logo","inLanguage":"it-IT","url":"https:\/\/www.camping-des-mures.com\/wp-content\/uploads\/2019\/10\/camping-des-mures-logoxs.png","contentUrl":"https:\/\/www.camping-des-mures.com\/wp-content\/uploads\/2019\/10\/camping-des-mures-logoxs.png","width":114,"height":35,"caption":"Camping des M\u00fbres"},"image":{"@id":"https:\/\/www.camping-des-mures.com\/it\/#logo"}},{"@type":"WebSite","@id":"https:\/\/www.camping-des-mures.com\/it\/#website","url":"https:\/\/www.camping-des-mures.com\/it\/","name":"Camping des M\u00fbres","description":"Saint-Tropez","publisher":{"@id":"https:\/\/www.camping-des-mures.com\/it\/#organization"},"potentialAction":[{"@type":"SearchAction","target":{"@type":"EntryPoint","urlTemplate":"https:\/\/www.camping-des-mures.com\/it\/?s={search_term_string}"},"query-input":"required name=search_term_string"}],"inLanguage":"it-IT"},{"@type":"ImageObject","@id":"https:\/\/www.camping-des-mures.com\/it\/se-depenser\/sous-le-signe-de-lamour\/#primaryimage","inLanguage":"it-IT","url":"https:\/\/www.camping-des-mures.com\/wp-content\/uploads\/2021\/07\/Camping-les-mures-152.jpg","contentUrl":"https:\/\/www.camping-des-mures.com\/wp-content\/uploads\/2021\/07\/Camping-les-mures-152.jpg","width":6000,"height":4000},{"@type":"WebPage","@id":"https:\/\/www.camping-des-mures.com\/it\/se-depenser\/sous-le-signe-de-lamour\/#webpage","url":"https:\/\/www.camping-des-mures.com\/it\/se-depenser\/sous-le-signe-de-lamour\/","name":"Sotto il segno dell'amore - Camping des M\u00fbres","isPartOf":{"@id":"https:\/\/www.camping-des-mures.com\/it\/#website"},"primaryImageOfPage":{"@id":"https:\/\/www.camping-des-mures.com\/it\/se-depenser\/sous-le-signe-de-lamour\/#primaryimage"},"datePublished":"2021-11-17T10:53:33+00:00","dateModified":"2026-04-09T10:09:01+00:00","breadcrumb":{"@id":"https:\/\/www.camping-des-mures.com\/it\/se-depenser\/sous-le-signe-de-lamour\/#breadcrumb"},"inLanguage":"it-IT","potentialAction":[{"@type":"ReadAction","target":["https:\/\/www.camping-des-mures.com\/it\/se-depenser\/sous-le-signe-de-lamour\/"]}]},{"@type":"BreadcrumbList","@id":"https:\/\/www.camping-des-mures.com\/it\/se-depenser\/sous-le-signe-de-lamour\/#breadcrumb","itemListElement":[{"@type":"ListItem","position":1,"name":"Home page","item":"https:\/\/www.camping-des-mures.com\/it\/"},{"@type":"ListItem","position":2,"name":"Intrattenimento","item":"https:\/\/www.camping-des-mures.com\/it\/se-depenser\/"},{"@type":"ListItem","position":3,"name":"Sotto il segno dell&#8217;amore"}]}]}},"_links":{"self":[{"href":"https:\/\/www.camping-des-mures.com\/it\/wp-json\/wp\/v2\/pages\/16342"}],"collection":[{"href":"https:\/\/www.camping-des-mures.com\/it\/wp-json\/wp\/v2\/pages"}],"about":[{"href":"https:\/\/www.camping-des-mures.com\/it\/wp-json\/wp\/v2\/types\/page"}],"author":[{"embeddable":true,"href":"https:\/\/www.camping-des-mures.com\/it\/wp-json\/wp\/v2\/users\/1"}],"replies":[{"embeddable":true,"href":"https:\/\/www.camping-des-mures.com\/it\/wp-json\/wp\/v2\/comments?post=16342"}],"version-history":[{"count":5,"href":"https:\/\/www.camping-des-mures.com\/it\/wp-json\/wp\/v2\/pages\/16342\/revisions"}],"predecessor-version":[{"id":28213,"href":"https:\/\/www.camping-des-mures.com\/it\/wp-json\/wp\/v2\/pages\/16342\/revisions\/28213"}],"up":[{"embeddable":true,"href":"https:\/\/www.camping-des-mures.com\/it\/wp-json\/wp\/v2\/pages\/15299"}],"wp:featuredmedia":[{"embeddable":true,"href":"https:\/\/www.camping-des-mures.com\/it\/wp-json\/wp\/v2\/media\/11092"}],"wp:attachment":[{"href":"https:\/\/www.camping-des-mures.com\/it\/wp-json\/wp\/v2\/media?parent=16342"}],"curies":[{"name":"wp","href":"https:\/\/api.w.org\/{rel}","templated":true}]}}