{"id":16347,"date":"2021-10-19T16:47:01","date_gmt":"2021-10-19T14:47:01","guid":{"rendered":"https:\/\/dev.camping-des-mures.fr\/se-depenser\/pour-le-sport\/"},"modified":"2022-06-29T11:40:19","modified_gmt":"2022-06-29T09:40:19","slug":"pour-le-sport","status":"publish","type":"page","link":"https:\/\/www.camping-des-mures.com\/de\/se-depenser\/pour-le-sport\/","title":{"rendered":"Ein aktiver Urlaub !"},"content":{"rendered":"<h3>Aus Spa\u00df an der Bewegung oder aus Liebe zum Spiel!<\/h3>\n<p>Unser Fitnessraum mit seinen Kraft- und Kardio-Trainingsger\u00e4ten steht Ihnen t\u00e4glich zur freien Verf\u00fcgung.<br \/>\nIm Juli und August bieten unsere diplomierten Trainer zahlreiche Kurse an: Wassergymnastik, Cross-Fit, Bodybalance&#8230;<br \/>\nUnd wer die sportliche Herausforderung sucht, kann an unseren Boule-Turnieren, Tischtennisturnieren, Tischfu\u00dfballspielen usw. teilnehmen.<\/p>\n<p>W\u00e4hlen Sie das Format, das Ihnen am besten gef\u00e4llt !<\/p>\n","protected":false},"excerpt":{"rendered":"<p>Aus Spa\u00df an der Bewegung oder aus Liebe zum Spiel! Unser Fitnessraum mit seinen Kraft- und Kardio-Trainingsger\u00e4ten steht Ihnen t\u00e4glich zur freien Verf\u00fcgung. Im Juli und August bieten unsere diplomierten Trainer zahlreiche Kurse an: Wassergymnastik, Cross-Fit, Bodybalance&#8230; Und wer die sportliche Herausforderung sucht, kann an unseren Boule-Turnieren, Tischtennisturnieren, Tischfu\u00dfballspielen usw. teilnehmen. W\u00e4hlen Sie das Format, &hellip; <\/p>\n<p class=\"link-more\"><a href=\"https:\/\/www.camping-des-mures.com\/de\/se-depenser\/pour-le-sport\/\" class=\"more-link\">Continue reading<span class=\"screen-reader-text\"> &#8220;Ein aktiver Urlaub !&#8221;<\/span><\/a><\/p>\n","protected":false},"author":1,"featured_media":13832,"parent":15298,"menu_order":317,"comment_status":"closed","ping_status":"closed","template":"","meta":{"_monsterinsights_skip_tracking":false,"_monsterinsights_sitenote_active":false,"_monsterinsights_sitenote_note":"","_monsterinsights_sitenote_category":0},"acf":[],"yoast_head":"<!-- This site is optimized with the Yoast SEO plugin v17.7.1 - https:\/\/yoast.com\/wordpress\/plugins\/seo\/ -->\n<title>Ein aktiver Urlaub ! - Camping des M\u00fbres<\/title>\n<meta name=\"robots\" content=\"index, follow, max-snippet:-1, max-image-preview:large, max-video-preview:-1\" \/>\n<link rel=\"canonical\" href=\"https:\/\/www.camping-des-mures.com\/de\/se-depenser\/pour-le-sport\/\" \/>\n<meta property=\"og:locale\" content=\"de_DE\" \/>\n<meta property=\"og:type\" content=\"article\" \/>\n<meta property=\"og:title\" content=\"Ein aktiver Urlaub ! - Camping des M\u00fbres\" \/>\n<meta property=\"og:description\" content=\"Aus Spa\u00df an der Bewegung oder aus Liebe zum Spiel! Unser Fitnessraum mit seinen Kraft- und Kardio-Trainingsger\u00e4ten steht Ihnen t\u00e4glich zur freien Verf\u00fcgung. Im Juli und August bieten unsere diplomierten Trainer zahlreiche Kurse an: Wassergymnastik, Cross-Fit, Bodybalance&#8230; Und wer die sportliche Herausforderung sucht, kann an unseren Boule-Turnieren, Tischtennisturnieren, Tischfu\u00dfballspielen usw. teilnehmen. W\u00e4hlen Sie das Format, &hellip; Continue reading &quot;Ein aktiver Urlaub !&quot;\" \/>\n<meta property=\"og:url\" content=\"https:\/\/www.camping-des-mures.com\/de\/se-depenser\/pour-le-sport\/\" \/>\n<meta property=\"og:site_name\" content=\"Camping des M\u00fbres\" \/>\n<meta property=\"article:modified_time\" content=\"2022-06-29T09:40:19+00:00\" \/>\n<meta property=\"og:image\" content=\"https:\/\/www.camping-des-mures.com\/wp-content\/uploads\/2021\/11\/nikola-radojcic-64Y-4cUlV4w-unsplash-1024x683.jpg\" \/>\n\t<meta property=\"og:image:width\" content=\"1024\" \/>\n\t<meta property=\"og:image:height\" content=\"683\" \/>\n<meta name=\"twitter:card\" content=\"summary_large_image\" \/>\n<meta name=\"twitter:label1\" content=\"Gesch\u00e4tzte Lesezeit\" \/>\n\t<meta name=\"twitter:data1\" content=\"1\u00a0Minute\" \/>\n<script type=\"application\/ld+json\" class=\"yoast-schema-graph\">{\"@context\":\"https:\/\/schema.org\",\"@graph\":[{\"@type\":\"Organization\",\"@id\":\"https:\/\/www.camping-des-mures.com\/de\/#organization\",\"name\":\"Camping des M\\u00fbres\",\"url\":\"https:\/\/www.camping-des-mures.com\/de\/\",\"sameAs\":[],\"logo\":{\"@type\":\"ImageObject\",\"@id\":\"https:\/\/www.camping-des-mures.com\/de\/#logo\",\"inLanguage\":\"de\",\"url\":\"https:\/\/www.camping-des-mures.com\/wp-content\/uploads\/2019\/10\/camping-des-mures-logoxs.png\",\"contentUrl\":\"https:\/\/www.camping-des-mures.com\/wp-content\/uploads\/2019\/10\/camping-des-mures-logoxs.png\",\"width\":114,\"height\":35,\"caption\":\"Camping des M\\u00fbres\"},\"image\":{\"@id\":\"https:\/\/www.camping-des-mures.com\/de\/#logo\"}},{\"@type\":\"WebSite\",\"@id\":\"https:\/\/www.camping-des-mures.com\/de\/#website\",\"url\":\"https:\/\/www.camping-des-mures.com\/de\/\",\"name\":\"Camping des M\\u00fbres\",\"description\":\"Saint-Tropez\",\"publisher\":{\"@id\":\"https:\/\/www.camping-des-mures.com\/de\/#organization\"},\"potentialAction\":[{\"@type\":\"SearchAction\",\"target\":{\"@type\":\"EntryPoint\",\"urlTemplate\":\"https:\/\/www.camping-des-mures.com\/de\/?s={search_term_string}\"},\"query-input\":\"required name=search_term_string\"}],\"inLanguage\":\"de\"},{\"@type\":\"ImageObject\",\"@id\":\"https:\/\/www.camping-des-mures.com\/de\/se-depenser\/pour-le-sport\/#primaryimage\",\"inLanguage\":\"de\",\"url\":\"https:\/\/www.camping-des-mures.com\/wp-content\/uploads\/2021\/11\/nikola-radojcic-64Y-4cUlV4w-unsplash.jpg\",\"contentUrl\":\"https:\/\/www.camping-des-mures.com\/wp-content\/uploads\/2021\/11\/nikola-radojcic-64Y-4cUlV4w-unsplash.jpg\",\"width\":5669,\"height\":3779},{\"@type\":\"WebPage\",\"@id\":\"https:\/\/www.camping-des-mures.com\/de\/se-depenser\/pour-le-sport\/#webpage\",\"url\":\"https:\/\/www.camping-des-mures.com\/de\/se-depenser\/pour-le-sport\/\",\"name\":\"Ein aktiver Urlaub ! - Camping des M\\u00fbres\",\"isPartOf\":{\"@id\":\"https:\/\/www.camping-des-mures.com\/de\/#website\"},\"primaryImageOfPage\":{\"@id\":\"https:\/\/www.camping-des-mures.com\/de\/se-depenser\/pour-le-sport\/#primaryimage\"},\"datePublished\":\"2021-10-19T14:47:01+00:00\",\"dateModified\":\"2022-06-29T09:40:19+00:00\",\"breadcrumb\":{\"@id\":\"https:\/\/www.camping-des-mures.com\/de\/se-depenser\/pour-le-sport\/#breadcrumb\"},\"inLanguage\":\"de\",\"potentialAction\":[{\"@type\":\"ReadAction\",\"target\":[\"https:\/\/www.camping-des-mures.com\/de\/se-depenser\/pour-le-sport\/\"]}]},{\"@type\":\"BreadcrumbList\",\"@id\":\"https:\/\/www.camping-des-mures.com\/de\/se-depenser\/pour-le-sport\/#breadcrumb\",\"itemListElement\":[{\"@type\":\"ListItem\",\"position\":1,\"name\":\"Startseite\",\"item\":\"https:\/\/www.camping-des-mures.com\/de\/\"},{\"@type\":\"ListItem\",\"position\":2,\"name\":\"Sich unterhalten\",\"item\":\"https:\/\/www.camping-des-mures.com\/de\/se-depenser\/\"},{\"@type\":\"ListItem\",\"position\":3,\"name\":\"Ein aktiver Urlaub !\"}]}]}<\/script>\n<!-- \/ Yoast SEO plugin. -->","yoast_head_json":{"title":"Ein aktiver Urlaub ! - Camping des M\u00fbres","robots":{"index":"index","follow":"follow","max-snippet":"max-snippet:-1","max-image-preview":"max-image-preview:large","max-video-preview":"max-video-preview:-1"},"canonical":"https:\/\/www.camping-des-mures.com\/de\/se-depenser\/pour-le-sport\/","og_locale":"de_DE","og_type":"article","og_title":"Ein aktiver Urlaub ! - Camping des M\u00fbres","og_description":"Aus Spa\u00df an der Bewegung oder aus Liebe zum Spiel! Unser Fitnessraum mit seinen Kraft- und Kardio-Trainingsger\u00e4ten steht Ihnen t\u00e4glich zur freien Verf\u00fcgung. Im Juli und August bieten unsere diplomierten Trainer zahlreiche Kurse an: Wassergymnastik, Cross-Fit, Bodybalance&#8230; Und wer die sportliche Herausforderung sucht, kann an unseren Boule-Turnieren, Tischtennisturnieren, Tischfu\u00dfballspielen usw. teilnehmen. W\u00e4hlen Sie das Format, &hellip; Continue reading \"Ein aktiver Urlaub !\"","og_url":"https:\/\/www.camping-des-mures.com\/de\/se-depenser\/pour-le-sport\/","og_site_name":"Camping des M\u00fbres","article_modified_time":"2022-06-29T09:40:19+00:00","og_image":[{"width":1024,"height":683,"url":"https:\/\/www.camping-des-mures.com\/wp-content\/uploads\/2021\/11\/nikola-radojcic-64Y-4cUlV4w-unsplash-1024x683.jpg","type":"image\/jpeg"}],"twitter_card":"summary_large_image","twitter_misc":{"Gesch\u00e4tzte Lesezeit":"1\u00a0Minute"},"schema":{"@context":"https:\/\/schema.org","@graph":[{"@type":"Organization","@id":"https:\/\/www.camping-des-mures.com\/de\/#organization","name":"Camping des M\u00fbres","url":"https:\/\/www.camping-des-mures.com\/de\/","sameAs":[],"logo":{"@type":"ImageObject","@id":"https:\/\/www.camping-des-mures.com\/de\/#logo","inLanguage":"de","url":"https:\/\/www.camping-des-mures.com\/wp-content\/uploads\/2019\/10\/camping-des-mures-logoxs.png","contentUrl":"https:\/\/www.camping-des-mures.com\/wp-content\/uploads\/2019\/10\/camping-des-mures-logoxs.png","width":114,"height":35,"caption":"Camping des M\u00fbres"},"image":{"@id":"https:\/\/www.camping-des-mures.com\/de\/#logo"}},{"@type":"WebSite","@id":"https:\/\/www.camping-des-mures.com\/de\/#website","url":"https:\/\/www.camping-des-mures.com\/de\/","name":"Camping des M\u00fbres","description":"Saint-Tropez","publisher":{"@id":"https:\/\/www.camping-des-mures.com\/de\/#organization"},"potentialAction":[{"@type":"SearchAction","target":{"@type":"EntryPoint","urlTemplate":"https:\/\/www.camping-des-mures.com\/de\/?s={search_term_string}"},"query-input":"required name=search_term_string"}],"inLanguage":"de"},{"@type":"ImageObject","@id":"https:\/\/www.camping-des-mures.com\/de\/se-depenser\/pour-le-sport\/#primaryimage","inLanguage":"de","url":"https:\/\/www.camping-des-mures.com\/wp-content\/uploads\/2021\/11\/nikola-radojcic-64Y-4cUlV4w-unsplash.jpg","contentUrl":"https:\/\/www.camping-des-mures.com\/wp-content\/uploads\/2021\/11\/nikola-radojcic-64Y-4cUlV4w-unsplash.jpg","width":5669,"height":3779},{"@type":"WebPage","@id":"https:\/\/www.camping-des-mures.com\/de\/se-depenser\/pour-le-sport\/#webpage","url":"https:\/\/www.camping-des-mures.com\/de\/se-depenser\/pour-le-sport\/","name":"Ein aktiver Urlaub ! - Camping des M\u00fbres","isPartOf":{"@id":"https:\/\/www.camping-des-mures.com\/de\/#website"},"primaryImageOfPage":{"@id":"https:\/\/www.camping-des-mures.com\/de\/se-depenser\/pour-le-sport\/#primaryimage"},"datePublished":"2021-10-19T14:47:01+00:00","dateModified":"2022-06-29T09:40:19+00:00","breadcrumb":{"@id":"https:\/\/www.camping-des-mures.com\/de\/se-depenser\/pour-le-sport\/#breadcrumb"},"inLanguage":"de","potentialAction":[{"@type":"ReadAction","target":["https:\/\/www.camping-des-mures.com\/de\/se-depenser\/pour-le-sport\/"]}]},{"@type":"BreadcrumbList","@id":"https:\/\/www.camping-des-mures.com\/de\/se-depenser\/pour-le-sport\/#breadcrumb","itemListElement":[{"@type":"ListItem","position":1,"name":"Startseite","item":"https:\/\/www.camping-des-mures.com\/de\/"},{"@type":"ListItem","position":2,"name":"Sich unterhalten","item":"https:\/\/www.camping-des-mures.com\/de\/se-depenser\/"},{"@type":"ListItem","position":3,"name":"Ein aktiver Urlaub !"}]}]}},"_links":{"self":[{"href":"https:\/\/www.camping-des-mures.com\/de\/wp-json\/wp\/v2\/pages\/16347"}],"collection":[{"href":"https:\/\/www.camping-des-mures.com\/de\/wp-json\/wp\/v2\/pages"}],"about":[{"href":"https:\/\/www.camping-des-mures.com\/de\/wp-json\/wp\/v2\/types\/page"}],"author":[{"embeddable":true,"href":"https:\/\/www.camping-des-mures.com\/de\/wp-json\/wp\/v2\/users\/1"}],"replies":[{"embeddable":true,"href":"https:\/\/www.camping-des-mures.com\/de\/wp-json\/wp\/v2\/comments?post=16347"}],"version-history":[{"count":6,"href":"https:\/\/www.camping-des-mures.com\/de\/wp-json\/wp\/v2\/pages\/16347\/revisions"}],"predecessor-version":[{"id":18219,"href":"https:\/\/www.camping-des-mures.com\/de\/wp-json\/wp\/v2\/pages\/16347\/revisions\/18219"}],"up":[{"embeddable":true,"href":"https:\/\/www.camping-des-mures.com\/de\/wp-json\/wp\/v2\/pages\/15298"}],"wp:featuredmedia":[{"embeddable":true,"href":"https:\/\/www.camping-des-mures.com\/de\/wp-json\/wp\/v2\/media\/13832"}],"wp:attachment":[{"href":"https:\/\/www.camping-des-mures.com\/de\/wp-json\/wp\/v2\/media?parent=16347"}],"curies":[{"name":"wp","href":"https:\/\/api.w.org\/{rel}","templated":true}]}}