{"id":15565,"date":"2021-11-17T13:20:19","date_gmt":"2021-11-17T12:20:19","guid":{"rendered":"https:\/\/dev.camping-des-mures.fr\/plan-du-site\/"},"modified":"2026-03-06T15:25:51","modified_gmt":"2026-03-06T14:25:51","slug":"plan-du-site","status":"publish","type":"page","link":"https:\/\/www.camping-des-mures.com\/de\/plan-du-site\/","title":{"rendered":"Sitemap"},"content":{"rendered":"<nav>\n<h2>Unterk\u00fcnfte<\/h2>\n<ul>\n<li><a href=\"https:\/\/www.camping-des-mures.com\/de\/louer-un-emplacement-plein-air\/\">Einen Stellplatz unter freiem Himmel mieten<\/a>\n<ul>\n<li><a href=\"https:\/\/www.camping-des-mures.com\/de\/louer-un-emplacement-plein-air\/nos-emplacements-cote-plage\/\">Unsere Stellpl\u00e4tze am Strand<\/a><\/li>\n<li><a href=\"https:\/\/www.camping-des-mures.com\/de\/louer-un-emplacement-plein-air\/nos-emplacements-cote-vignes\/\">Unsere Stellpl\u00e4tze Weinbergseite<\/a><\/li>\n<\/ul>\n<\/li>\n<li><a href=\"https:\/\/www.camping-des-mures.com\/de\/sejourner-en-mobil-home\/\">Aufenthalt in einem Mobilheim<\/a>\n<ul>\n<li><a href=\"https:\/\/www.camping-des-mures.com\/de\/sejourner-en-mobil-home\/nos-mobil-homes-cote-plage\/\">Unsere Mobilheime Strandseite<\/a><\/li>\n<li><a href=\"https:\/\/www.camping-des-mures.com\/de\/sejourner-en-mobil-home\/mobil-homes-cote-vignes\/\">Unsere Mobilheime Weinbergseite<\/a><\/li>\n<\/ul>\n<\/li>\n<li><a href=\"https:\/\/www.camping-des-mures.com\/de\/actualiteiten\/un-quartier-privilege-flambant-neuf\/\">Ein nagelneues Premium-Viertel<\/a><\/li>\n<\/ul>\n<h2>Unsere Region<\/h2>\n<ul>\n<li><a href=\"https:\/\/www.camping-des-mures.com\/de\/notre-region\/\">Unsere Region entdecken<\/a>\n<ul>\n<li><a href=\"https:\/\/www.camping-des-mures.com\/de\/notre-region\/saint-tropez\/\">Saint-Tropez<\/a><\/li>\n<li><a href=\"https:\/\/www.camping-des-mures.com\/de\/notre-region\/les-gorges-du-verdon\/\">Die Gorges du Verdon<\/a><\/li>\n<li><a href=\"https:\/\/www.camping-des-mures.com\/de\/notre-region\/monaco\/\">Monaco<\/a><\/li>\n<li><a href=\"https:\/\/www.camping-des-mures.com\/de\/notre-region\/porquerolles\/\">Porquerolles<\/a><\/li>\n<li><a href=\"https:\/\/www.camping-des-mures.com\/de\/notre-region\/port-grimaud\/\">Port Grimaud<\/a><\/li>\n<li><a href=\"https:\/\/www.camping-des-mures.com\/de\/notre-region\/les-vignobles\/\">Die Weinberge<\/a><\/li>\n<li><a href=\"https:\/\/www.camping-des-mures.com\/de\/notre-region\/les-excursions\/\">Die Ausfl\u00fcge<\/a><\/li>\n<li><a href=\"https:\/\/www.camping-des-mures.com\/de\/notre-region\/balades-a-velo\/\">Fahrradtouren<\/a><\/li>\n<\/ul>\n<\/li>\n<\/ul>\n<h2>Dienstleistungen &amp; Freizeit<\/h2>\n<ul>\n<li><a href=\"https:\/\/www.camping-des-mures.com\/de\/un-petit-creux\/\">Unsere Restaurants<\/a><\/li>\n<li><a href=\"https:\/\/www.camping-des-mures.com\/de\/nos-services\/\">Unsere Dienstleistungen<\/a>\n<ul>\n<li><a href=\"https:\/\/www.camping-des-mures.com\/de\/nos-services\/canoe\/\">Canoe<\/a><\/li>\n<li><a href=\"https:\/\/www.camping-des-mures.com\/de\/nos-services\/le-sentier-du-littoral\/\">Der K\u00fcstenpfad<\/a><\/li>\n<\/ul>\n<\/li>\n<li><a href=\"https:\/\/www.camping-des-mures.com\/de\/se-depenser\/\">Ein Urlaub f\u00fcr alle (Freizeit)<\/a>\n<ul>\n<li><a href=\"https:\/\/www.camping-des-mures.com\/de\/se-depenser\/plaisirs-en-famille\/\">Spa\u00df mit der Familie<\/a><\/li>\n<li><a href=\"https:\/\/www.camping-des-mures.com\/de\/se-depenser\/pour-le-sport\/\">Sport um jeden Preis<\/a><\/li>\n<li><a href=\"https:\/\/www.camping-des-mures.com\/de\/se-depenser\/sous-le-signe-de-lamour\/\">Im Zeichen der Liebe<\/a><\/li>\n<li><a href=\"https:\/\/www.camping-des-mures.com\/de\/se-depenser\/le-partage-et-la-fete\/\">Das Teilen und das Feiern<\/a><\/li>\n<li><a href=\"https:\/\/www.camping-des-mures.com\/de\/se-depenser\/pour-le-sport\/balades-a-cheval\/\">Ausfl\u00fcge zu Pferd<\/a><\/li>\n<li><a href=\"https:\/\/www.camping-des-mures.com\/de\/se-depenser\/pour-le-sport\/bouee-tractee\/\">Gezogene Boje<\/a><\/li>\n<li><a href=\"https:\/\/www.camping-des-mures.com\/de\/se-depenser\/pour-le-sport\/plongee-sous-marine\/\">Tauchen<\/a><\/li>\n<li><a href=\"https:\/\/www.camping-des-mures.com\/de\/se-depenser\/plaisirs-en-famille\/aqualand\/\">Aqualand<\/a><\/li>\n<\/ul>\n<\/li>\n<li><a href=\"https:\/\/www.camping-des-mures.com\/de\/actualiteiten\/la-conciergerie\/\">Der Hausmeister (Conciergerie)<\/a><\/li>\n<\/ul>\n<h2>Angebote &amp; Aktuelles<\/h2>\n<ul>\n<li><a href=\"https:\/\/www.camping-des-mures.com\/de\/les-offres-du-moment\/\">Die aktuellen Angebote<\/a>\n<ul>\n<li><a href=\"https:\/\/www.camping-des-mures.com\/de\/offre\/acsi-camping-key-europe\/\">Angebot Camping Key Europe<\/a><\/li>\n<li><a href=\"https:\/\/www.camping-des-mures.com\/de\/offre\/angebot-fuer-laengere-aufenthalte\/\">Angebot f\u00fcr l\u00e4ngere Aufenthalte<\/a><\/li>\n<li><a href=\"https:\/\/www.camping-des-mures.com\/de\/offre\/senior\/\">Angebot Senioren (+ 60 Jahre)<\/a><\/li>\n<\/ul>\n<\/li>\n<li><a href=\"https:\/\/www.camping-des-mures.com\/de\/lambiance\/\">Die Atmosph\u00e4re<\/a><\/li>\n<li><a href=\"https:\/\/www.camping-des-mures.com\/de\/actualiteiten\/\">Die Aktualit\u00e4t<\/a><\/li>\n<li><a href=\"https:\/\/www.camping-des-mures.com\/de\/actualiteiten\/kids-club-juniors-club\/\">Unsere Kinderclubs<\/a><\/li>\n<li><a href=\"https:\/\/www.camping-des-mures.com\/de\/actualiteiten\/neugestaltung-2025-ein-komplett-neu-gestalteter-strandbereich\/\">Neugestaltung: Strandbereich<\/a><\/li>\n<\/ul>\n<h2>Kontakt &amp; Praktisches<\/h2>\n<ul>\n<li><a href=\"https:\/\/www.camping-des-mures.com\/de\/nous-contacter\/\">Uns kontaktieren<\/a><\/li>\n<li><a href=\"https:\/\/www.camping-des-mures.com\/de\/telechargement\/\">Dokumente zum Download<\/a><\/li>\n<\/ul>\n<\/nav>\n","protected":false},"excerpt":{"rendered":"<p>Unterk\u00fcnfte Einen Stellplatz unter freiem Himmel mieten Unsere Stellpl\u00e4tze am Strand Unsere Stellpl\u00e4tze Weinbergseite Aufenthalt in einem Mobilheim Unsere Mobilheime Strandseite Unsere Mobilheime Weinbergseite Ein nagelneues Premium-Viertel Unsere Region Unsere Region entdecken Saint-Tropez Die Gorges du Verdon Monaco Porquerolles Port Grimaud Die Weinberge Die Ausfl\u00fcge Fahrradtouren Dienstleistungen &amp; Freizeit Unsere Restaurants Unsere Dienstleistungen Canoe Der &hellip; <\/p>\n<p class=\"link-more\"><a href=\"https:\/\/www.camping-des-mures.com\/de\/plan-du-site\/\" class=\"more-link\">Continue reading<span class=\"screen-reader-text\"> &#8220;Sitemap&#8221;<\/span><\/a><\/p>\n","protected":false},"author":1,"featured_media":0,"parent":0,"menu_order":384,"comment_status":"closed","ping_status":"closed","template":"","meta":{"_monsterinsights_skip_tracking":false,"_monsterinsights_sitenote_active":false,"_monsterinsights_sitenote_note":"","_monsterinsights_sitenote_category":0},"acf":[],"yoast_head":"<!-- This site is optimized with the Yoast SEO plugin v17.7.1 - https:\/\/yoast.com\/wordpress\/plugins\/seo\/ -->\n<title>Sitemap - Camping des M\u00fbres<\/title>\n<meta name=\"robots\" content=\"index, follow, max-snippet:-1, max-image-preview:large, max-video-preview:-1\" \/>\n<link rel=\"canonical\" href=\"https:\/\/www.camping-des-mures.com\/de\/plan-du-site\/\" \/>\n<meta property=\"og:locale\" content=\"de_DE\" \/>\n<meta property=\"og:type\" content=\"article\" \/>\n<meta property=\"og:title\" content=\"Sitemap - Camping des M\u00fbres\" \/>\n<meta property=\"og:description\" content=\"Unterk\u00fcnfte Einen Stellplatz unter freiem Himmel mieten Unsere Stellpl\u00e4tze am Strand Unsere Stellpl\u00e4tze Weinbergseite Aufenthalt in einem Mobilheim Unsere Mobilheime Strandseite Unsere Mobilheime Weinbergseite Ein nagelneues Premium-Viertel Unsere Region Unsere Region entdecken Saint-Tropez Die Gorges du Verdon Monaco Porquerolles Port Grimaud Die Weinberge Die Ausfl\u00fcge Fahrradtouren Dienstleistungen &amp; Freizeit Unsere Restaurants Unsere Dienstleistungen Canoe Der &hellip; Continue reading &quot;Sitemap&quot;\" \/>\n<meta property=\"og:url\" content=\"https:\/\/www.camping-des-mures.com\/de\/plan-du-site\/\" \/>\n<meta property=\"og:site_name\" content=\"Camping des M\u00fbres\" \/>\n<meta property=\"article:modified_time\" content=\"2026-03-06T14:25:51+00:00\" \/>\n<meta property=\"og:image\" content=\"https:\/\/www.camping-des-mures.com\/wp-content\/uploads\/2019\/12\/camping-des-mures-var.jpg\" \/>\n\t<meta property=\"og:image:width\" content=\"2000\" \/>\n\t<meta property=\"og:image:height\" content=\"923\" \/>\n<meta name=\"twitter:card\" content=\"summary_large_image\" \/>\n<meta name=\"twitter:label1\" content=\"Gesch\u00e4tzte Lesezeit\" \/>\n\t<meta name=\"twitter:data1\" content=\"1\u00a0Minute\" \/>\n<script type=\"application\/ld+json\" class=\"yoast-schema-graph\">{\"@context\":\"https:\/\/schema.org\",\"@graph\":[{\"@type\":\"Organization\",\"@id\":\"https:\/\/www.camping-des-mures.com\/de\/#organization\",\"name\":\"Camping des M\\u00fbres\",\"url\":\"https:\/\/www.camping-des-mures.com\/de\/\",\"sameAs\":[],\"logo\":{\"@type\":\"ImageObject\",\"@id\":\"https:\/\/www.camping-des-mures.com\/de\/#logo\",\"inLanguage\":\"de\",\"url\":\"https:\/\/www.camping-des-mures.com\/wp-content\/uploads\/2019\/10\/camping-des-mures-logoxs.png\",\"contentUrl\":\"https:\/\/www.camping-des-mures.com\/wp-content\/uploads\/2019\/10\/camping-des-mures-logoxs.png\",\"width\":114,\"height\":35,\"caption\":\"Camping des M\\u00fbres\"},\"image\":{\"@id\":\"https:\/\/www.camping-des-mures.com\/de\/#logo\"}},{\"@type\":\"WebSite\",\"@id\":\"https:\/\/www.camping-des-mures.com\/de\/#website\",\"url\":\"https:\/\/www.camping-des-mures.com\/de\/\",\"name\":\"Camping des M\\u00fbres\",\"description\":\"Saint-Tropez\",\"publisher\":{\"@id\":\"https:\/\/www.camping-des-mures.com\/de\/#organization\"},\"potentialAction\":[{\"@type\":\"SearchAction\",\"target\":{\"@type\":\"EntryPoint\",\"urlTemplate\":\"https:\/\/www.camping-des-mures.com\/de\/?s={search_term_string}\"},\"query-input\":\"required name=search_term_string\"}],\"inLanguage\":\"de\"},{\"@type\":\"WebPage\",\"@id\":\"https:\/\/www.camping-des-mures.com\/de\/plan-du-site\/#webpage\",\"url\":\"https:\/\/www.camping-des-mures.com\/de\/plan-du-site\/\",\"name\":\"Sitemap - Camping des M\\u00fbres\",\"isPartOf\":{\"@id\":\"https:\/\/www.camping-des-mures.com\/de\/#website\"},\"datePublished\":\"2021-11-17T12:20:19+00:00\",\"dateModified\":\"2026-03-06T14:25:51+00:00\",\"breadcrumb\":{\"@id\":\"https:\/\/www.camping-des-mures.com\/de\/plan-du-site\/#breadcrumb\"},\"inLanguage\":\"de\",\"potentialAction\":[{\"@type\":\"ReadAction\",\"target\":[\"https:\/\/www.camping-des-mures.com\/de\/plan-du-site\/\"]}]},{\"@type\":\"BreadcrumbList\",\"@id\":\"https:\/\/www.camping-des-mures.com\/de\/plan-du-site\/#breadcrumb\",\"itemListElement\":[{\"@type\":\"ListItem\",\"position\":1,\"name\":\"Startseite\",\"item\":\"https:\/\/www.camping-des-mures.com\/de\/\"},{\"@type\":\"ListItem\",\"position\":2,\"name\":\"Sitemap\"}]}]}<\/script>\n<!-- \/ Yoast SEO plugin. -->","yoast_head_json":{"title":"Sitemap - Camping des M\u00fbres","robots":{"index":"index","follow":"follow","max-snippet":"max-snippet:-1","max-image-preview":"max-image-preview:large","max-video-preview":"max-video-preview:-1"},"canonical":"https:\/\/www.camping-des-mures.com\/de\/plan-du-site\/","og_locale":"de_DE","og_type":"article","og_title":"Sitemap - Camping des M\u00fbres","og_description":"Unterk\u00fcnfte Einen Stellplatz unter freiem Himmel mieten Unsere Stellpl\u00e4tze am Strand Unsere Stellpl\u00e4tze Weinbergseite Aufenthalt in einem Mobilheim Unsere Mobilheime Strandseite Unsere Mobilheime Weinbergseite Ein nagelneues Premium-Viertel Unsere Region Unsere Region entdecken Saint-Tropez Die Gorges du Verdon Monaco Porquerolles Port Grimaud Die Weinberge Die Ausfl\u00fcge Fahrradtouren Dienstleistungen &amp; Freizeit Unsere Restaurants Unsere Dienstleistungen Canoe Der &hellip; Continue reading \"Sitemap\"","og_url":"https:\/\/www.camping-des-mures.com\/de\/plan-du-site\/","og_site_name":"Camping des M\u00fbres","article_modified_time":"2026-03-06T14:25:51+00:00","og_image":[{"width":2000,"height":923,"url":"https:\/\/www.camping-des-mures.com\/wp-content\/uploads\/2019\/12\/camping-des-mures-var.jpg","type":"image\/jpeg"}],"twitter_card":"summary_large_image","twitter_misc":{"Gesch\u00e4tzte Lesezeit":"1\u00a0Minute"},"schema":{"@context":"https:\/\/schema.org","@graph":[{"@type":"Organization","@id":"https:\/\/www.camping-des-mures.com\/de\/#organization","name":"Camping des M\u00fbres","url":"https:\/\/www.camping-des-mures.com\/de\/","sameAs":[],"logo":{"@type":"ImageObject","@id":"https:\/\/www.camping-des-mures.com\/de\/#logo","inLanguage":"de","url":"https:\/\/www.camping-des-mures.com\/wp-content\/uploads\/2019\/10\/camping-des-mures-logoxs.png","contentUrl":"https:\/\/www.camping-des-mures.com\/wp-content\/uploads\/2019\/10\/camping-des-mures-logoxs.png","width":114,"height":35,"caption":"Camping des M\u00fbres"},"image":{"@id":"https:\/\/www.camping-des-mures.com\/de\/#logo"}},{"@type":"WebSite","@id":"https:\/\/www.camping-des-mures.com\/de\/#website","url":"https:\/\/www.camping-des-mures.com\/de\/","name":"Camping des M\u00fbres","description":"Saint-Tropez","publisher":{"@id":"https:\/\/www.camping-des-mures.com\/de\/#organization"},"potentialAction":[{"@type":"SearchAction","target":{"@type":"EntryPoint","urlTemplate":"https:\/\/www.camping-des-mures.com\/de\/?s={search_term_string}"},"query-input":"required name=search_term_string"}],"inLanguage":"de"},{"@type":"WebPage","@id":"https:\/\/www.camping-des-mures.com\/de\/plan-du-site\/#webpage","url":"https:\/\/www.camping-des-mures.com\/de\/plan-du-site\/","name":"Sitemap - Camping des M\u00fbres","isPartOf":{"@id":"https:\/\/www.camping-des-mures.com\/de\/#website"},"datePublished":"2021-11-17T12:20:19+00:00","dateModified":"2026-03-06T14:25:51+00:00","breadcrumb":{"@id":"https:\/\/www.camping-des-mures.com\/de\/plan-du-site\/#breadcrumb"},"inLanguage":"de","potentialAction":[{"@type":"ReadAction","target":["https:\/\/www.camping-des-mures.com\/de\/plan-du-site\/"]}]},{"@type":"BreadcrumbList","@id":"https:\/\/www.camping-des-mures.com\/de\/plan-du-site\/#breadcrumb","itemListElement":[{"@type":"ListItem","position":1,"name":"Startseite","item":"https:\/\/www.camping-des-mures.com\/de\/"},{"@type":"ListItem","position":2,"name":"Sitemap"}]}]}},"_links":{"self":[{"href":"https:\/\/www.camping-des-mures.com\/de\/wp-json\/wp\/v2\/pages\/15565"}],"collection":[{"href":"https:\/\/www.camping-des-mures.com\/de\/wp-json\/wp\/v2\/pages"}],"about":[{"href":"https:\/\/www.camping-des-mures.com\/de\/wp-json\/wp\/v2\/types\/page"}],"author":[{"embeddable":true,"href":"https:\/\/www.camping-des-mures.com\/de\/wp-json\/wp\/v2\/users\/1"}],"replies":[{"embeddable":true,"href":"https:\/\/www.camping-des-mures.com\/de\/wp-json\/wp\/v2\/comments?post=15565"}],"version-history":[{"count":4,"href":"https:\/\/www.camping-des-mures.com\/de\/wp-json\/wp\/v2\/pages\/15565\/revisions"}],"predecessor-version":[{"id":28094,"href":"https:\/\/www.camping-des-mures.com\/de\/wp-json\/wp\/v2\/pages\/15565\/revisions\/28094"}],"wp:attachment":[{"href":"https:\/\/www.camping-des-mures.com\/de\/wp-json\/wp\/v2\/media?parent=15565"}],"curies":[{"name":"wp","href":"https:\/\/api.w.org\/{rel}","templated":true}]}}