{"id":14844,"date":"2019-09-28T16:42:51","date_gmt":"2019-09-28T14:42:51","guid":{"rendered":"https:\/\/dev.camping-des-mures.fr\/notre-region\/"},"modified":"2026-03-04T15:38:12","modified_gmt":"2026-03-04T14:38:12","slug":"notre-region","status":"publish","type":"page","link":"https:\/\/www.camping-des-mures.com\/de\/notre-region\/","title":{"rendered":"Unsere Region"},"content":{"rendered":"","protected":false},"excerpt":{"rendered":"","protected":false},"author":1,"featured_media":13257,"parent":0,"menu_order":100,"comment_status":"closed","ping_status":"closed","template":"","meta":{"_monsterinsights_skip_tracking":false,"_monsterinsights_sitenote_active":false,"_monsterinsights_sitenote_note":"","_monsterinsights_sitenote_category":0},"acf":[],"yoast_head":"<!-- This site is optimized with the Yoast SEO plugin v17.7.1 - https:\/\/yoast.com\/wordpress\/plugins\/seo\/ -->\n<title>Unsere Region - Camping des M\u00fbres<\/title>\n<meta name=\"description\" content=\"Entdecken Sie das Var und die C\u00f4te d&#039;Azur. Strandn\u00e4he, Port Grimaud &amp; Saint-Tropez erwarten Sie f\u00fcr unvergessliche Ferien am Meer.\" \/>\n<meta name=\"robots\" content=\"index, follow, max-snippet:-1, max-image-preview:large, max-video-preview:-1\" \/>\n<link rel=\"canonical\" href=\"https:\/\/www.camping-des-mures.com\/de\/notre-region\/\" \/>\n<meta property=\"og:locale\" content=\"de_DE\" \/>\n<meta property=\"og:type\" content=\"article\" \/>\n<meta property=\"og:title\" content=\"Unsere Region - Camping des M\u00fbres\" \/>\n<meta property=\"og:description\" content=\"Entdecken Sie das Var und die C\u00f4te d&#039;Azur. Strandn\u00e4he, Port Grimaud &amp; Saint-Tropez erwarten Sie f\u00fcr unvergessliche Ferien am Meer.\" \/>\n<meta property=\"og:url\" content=\"https:\/\/www.camping-des-mures.com\/de\/notre-region\/\" \/>\n<meta property=\"og:site_name\" content=\"Camping des M\u00fbres\" \/>\n<meta property=\"article:modified_time\" content=\"2026-03-04T14:38:12+00:00\" \/>\n<meta property=\"og:image\" content=\"https:\/\/www.camping-des-mures.com\/wp-content\/uploads\/2021\/10\/ABA50408-8C05-4CD8-B5E9-1C1A12FC8A57-888-000000C4B165E9EF.jpg\" \/>\n\t<meta property=\"og:image:width\" content=\"6000\" \/>\n\t<meta property=\"og:image:height\" content=\"3375\" \/>\n<meta name=\"twitter:card\" content=\"summary_large_image\" \/>\n<script type=\"application\/ld+json\" class=\"yoast-schema-graph\">{\"@context\":\"https:\/\/schema.org\",\"@graph\":[{\"@type\":\"Organization\",\"@id\":\"https:\/\/www.camping-des-mures.com\/de\/#organization\",\"name\":\"Camping des M\\u00fbres\",\"url\":\"https:\/\/www.camping-des-mures.com\/de\/\",\"sameAs\":[],\"logo\":{\"@type\":\"ImageObject\",\"@id\":\"https:\/\/www.camping-des-mures.com\/de\/#logo\",\"inLanguage\":\"de\",\"url\":\"https:\/\/www.camping-des-mures.com\/wp-content\/uploads\/2019\/10\/camping-des-mures-logoxs.png\",\"contentUrl\":\"https:\/\/www.camping-des-mures.com\/wp-content\/uploads\/2019\/10\/camping-des-mures-logoxs.png\",\"width\":114,\"height\":35,\"caption\":\"Camping des M\\u00fbres\"},\"image\":{\"@id\":\"https:\/\/www.camping-des-mures.com\/de\/#logo\"}},{\"@type\":\"WebSite\",\"@id\":\"https:\/\/www.camping-des-mures.com\/de\/#website\",\"url\":\"https:\/\/www.camping-des-mures.com\/de\/\",\"name\":\"Camping des M\\u00fbres\",\"description\":\"Saint-Tropez\",\"publisher\":{\"@id\":\"https:\/\/www.camping-des-mures.com\/de\/#organization\"},\"potentialAction\":[{\"@type\":\"SearchAction\",\"target\":{\"@type\":\"EntryPoint\",\"urlTemplate\":\"https:\/\/www.camping-des-mures.com\/de\/?s={search_term_string}\"},\"query-input\":\"required name=search_term_string\"}],\"inLanguage\":\"de\"},{\"@type\":\"ImageObject\",\"@id\":\"https:\/\/www.camping-des-mures.com\/de\/notre-region\/#primaryimage\",\"inLanguage\":\"de\",\"url\":\"https:\/\/www.camping-des-mures.com\/wp-content\/uploads\/2021\/10\/ABA50408-8C05-4CD8-B5E9-1C1A12FC8A57-888-000000C4B165E9EF.jpg\",\"contentUrl\":\"https:\/\/www.camping-des-mures.com\/wp-content\/uploads\/2021\/10\/ABA50408-8C05-4CD8-B5E9-1C1A12FC8A57-888-000000C4B165E9EF.jpg\",\"width\":6000,\"height\":3375},{\"@type\":\"WebPage\",\"@id\":\"https:\/\/www.camping-des-mures.com\/de\/notre-region\/#webpage\",\"url\":\"https:\/\/www.camping-des-mures.com\/de\/notre-region\/\",\"name\":\"Unsere Region - Camping des M\\u00fbres\",\"isPartOf\":{\"@id\":\"https:\/\/www.camping-des-mures.com\/de\/#website\"},\"primaryImageOfPage\":{\"@id\":\"https:\/\/www.camping-des-mures.com\/de\/notre-region\/#primaryimage\"},\"datePublished\":\"2019-09-28T14:42:51+00:00\",\"dateModified\":\"2026-03-04T14:38:12+00:00\",\"description\":\"Entdecken Sie das Var und die C\\u00f4te d'Azur. Strandn\\u00e4he, Port Grimaud & Saint-Tropez erwarten Sie f\\u00fcr unvergessliche Ferien am Meer.\",\"breadcrumb\":{\"@id\":\"https:\/\/www.camping-des-mures.com\/de\/notre-region\/#breadcrumb\"},\"inLanguage\":\"de\",\"potentialAction\":[{\"@type\":\"ReadAction\",\"target\":[\"https:\/\/www.camping-des-mures.com\/de\/notre-region\/\"]}]},{\"@type\":\"BreadcrumbList\",\"@id\":\"https:\/\/www.camping-des-mures.com\/de\/notre-region\/#breadcrumb\",\"itemListElement\":[{\"@type\":\"ListItem\",\"position\":1,\"name\":\"Startseite\",\"item\":\"https:\/\/www.camping-des-mures.com\/de\/\"},{\"@type\":\"ListItem\",\"position\":2,\"name\":\"Unsere Region\"}]}]}<\/script>\n<!-- \/ Yoast SEO plugin. -->","yoast_head_json":{"title":"Unsere Region - Camping des M\u00fbres","description":"Entdecken Sie das Var und die C\u00f4te d'Azur. Strandn\u00e4he, Port Grimaud & Saint-Tropez erwarten Sie f\u00fcr unvergessliche Ferien am Meer.","robots":{"index":"index","follow":"follow","max-snippet":"max-snippet:-1","max-image-preview":"max-image-preview:large","max-video-preview":"max-video-preview:-1"},"canonical":"https:\/\/www.camping-des-mures.com\/de\/notre-region\/","og_locale":"de_DE","og_type":"article","og_title":"Unsere Region - Camping des M\u00fbres","og_description":"Entdecken Sie das Var und die C\u00f4te d'Azur. Strandn\u00e4he, Port Grimaud & Saint-Tropez erwarten Sie f\u00fcr unvergessliche Ferien am Meer.","og_url":"https:\/\/www.camping-des-mures.com\/de\/notre-region\/","og_site_name":"Camping des M\u00fbres","article_modified_time":"2026-03-04T14:38:12+00:00","og_image":[{"width":6000,"height":3375,"url":"https:\/\/www.camping-des-mures.com\/wp-content\/uploads\/2021\/10\/ABA50408-8C05-4CD8-B5E9-1C1A12FC8A57-888-000000C4B165E9EF.jpg","type":"image\/jpeg"}],"twitter_card":"summary_large_image","schema":{"@context":"https:\/\/schema.org","@graph":[{"@type":"Organization","@id":"https:\/\/www.camping-des-mures.com\/de\/#organization","name":"Camping des M\u00fbres","url":"https:\/\/www.camping-des-mures.com\/de\/","sameAs":[],"logo":{"@type":"ImageObject","@id":"https:\/\/www.camping-des-mures.com\/de\/#logo","inLanguage":"de","url":"https:\/\/www.camping-des-mures.com\/wp-content\/uploads\/2019\/10\/camping-des-mures-logoxs.png","contentUrl":"https:\/\/www.camping-des-mures.com\/wp-content\/uploads\/2019\/10\/camping-des-mures-logoxs.png","width":114,"height":35,"caption":"Camping des M\u00fbres"},"image":{"@id":"https:\/\/www.camping-des-mures.com\/de\/#logo"}},{"@type":"WebSite","@id":"https:\/\/www.camping-des-mures.com\/de\/#website","url":"https:\/\/www.camping-des-mures.com\/de\/","name":"Camping des M\u00fbres","description":"Saint-Tropez","publisher":{"@id":"https:\/\/www.camping-des-mures.com\/de\/#organization"},"potentialAction":[{"@type":"SearchAction","target":{"@type":"EntryPoint","urlTemplate":"https:\/\/www.camping-des-mures.com\/de\/?s={search_term_string}"},"query-input":"required name=search_term_string"}],"inLanguage":"de"},{"@type":"ImageObject","@id":"https:\/\/www.camping-des-mures.com\/de\/notre-region\/#primaryimage","inLanguage":"de","url":"https:\/\/www.camping-des-mures.com\/wp-content\/uploads\/2021\/10\/ABA50408-8C05-4CD8-B5E9-1C1A12FC8A57-888-000000C4B165E9EF.jpg","contentUrl":"https:\/\/www.camping-des-mures.com\/wp-content\/uploads\/2021\/10\/ABA50408-8C05-4CD8-B5E9-1C1A12FC8A57-888-000000C4B165E9EF.jpg","width":6000,"height":3375},{"@type":"WebPage","@id":"https:\/\/www.camping-des-mures.com\/de\/notre-region\/#webpage","url":"https:\/\/www.camping-des-mures.com\/de\/notre-region\/","name":"Unsere Region - Camping des M\u00fbres","isPartOf":{"@id":"https:\/\/www.camping-des-mures.com\/de\/#website"},"primaryImageOfPage":{"@id":"https:\/\/www.camping-des-mures.com\/de\/notre-region\/#primaryimage"},"datePublished":"2019-09-28T14:42:51+00:00","dateModified":"2026-03-04T14:38:12+00:00","description":"Entdecken Sie das Var und die C\u00f4te d'Azur. Strandn\u00e4he, Port Grimaud & Saint-Tropez erwarten Sie f\u00fcr unvergessliche Ferien am Meer.","breadcrumb":{"@id":"https:\/\/www.camping-des-mures.com\/de\/notre-region\/#breadcrumb"},"inLanguage":"de","potentialAction":[{"@type":"ReadAction","target":["https:\/\/www.camping-des-mures.com\/de\/notre-region\/"]}]},{"@type":"BreadcrumbList","@id":"https:\/\/www.camping-des-mures.com\/de\/notre-region\/#breadcrumb","itemListElement":[{"@type":"ListItem","position":1,"name":"Startseite","item":"https:\/\/www.camping-des-mures.com\/de\/"},{"@type":"ListItem","position":2,"name":"Unsere Region"}]}]}},"_links":{"self":[{"href":"https:\/\/www.camping-des-mures.com\/de\/wp-json\/wp\/v2\/pages\/14844"}],"collection":[{"href":"https:\/\/www.camping-des-mures.com\/de\/wp-json\/wp\/v2\/pages"}],"about":[{"href":"https:\/\/www.camping-des-mures.com\/de\/wp-json\/wp\/v2\/types\/page"}],"author":[{"embeddable":true,"href":"https:\/\/www.camping-des-mures.com\/de\/wp-json\/wp\/v2\/users\/1"}],"replies":[{"embeddable":true,"href":"https:\/\/www.camping-des-mures.com\/de\/wp-json\/wp\/v2\/comments?post=14844"}],"version-history":[{"count":7,"href":"https:\/\/www.camping-des-mures.com\/de\/wp-json\/wp\/v2\/pages\/14844\/revisions"}],"predecessor-version":[{"id":28056,"href":"https:\/\/www.camping-des-mures.com\/de\/wp-json\/wp\/v2\/pages\/14844\/revisions\/28056"}],"wp:featuredmedia":[{"embeddable":true,"href":"https:\/\/www.camping-des-mures.com\/de\/wp-json\/wp\/v2\/media\/13257"}],"wp:attachment":[{"href":"https:\/\/www.camping-des-mures.com\/de\/wp-json\/wp\/v2\/media?parent=14844"}],"curies":[{"name":"wp","href":"https:\/\/api.w.org\/{rel}","templated":true}]}}